
{"id":73,"date":"2012-08-04T04:46:24","date_gmt":"2012-08-04T04:46:24","guid":{"rendered":"http:\/\/www.claudiakaiser.es\/?page_id=73"},"modified":"2017-10-06T21:44:34","modified_gmt":"2017-10-06T21:44:34","slug":"service-wts","status":"publish","type":"page","link":"https:\/\/www.claudiakaiser.es\/?page_id=73","title":{"rendered":"Cont\u00e1ctame Contact me"},"content":{"rendered":"<p>&nbsp;<\/p>\n<h2><span style=\"color: #008000;\"><a href=\"https:\/\/www.claudiakaiser.es\/wp-content\/uploads\/2012\/08\/IMG_20170930_195327.jpg\"><img loading=\"lazy\" decoding=\"async\" class=\"alignleft wp-image-682 \" src=\"https:\/\/www.claudiakaiser.es\/wp-content\/uploads\/2012\/08\/IMG_20170930_195327.jpg\" alt=\"\" width=\"359\" height=\"270\" \/><\/a>Hola<\/span> <span style=\"color: #00ccff;\">Hello<\/span> <span style=\"color: #ff0000;\">Hallo<\/span> <span style=\"color: #800080;\"><br \/>\n<\/span><\/h2>\n<p>Puedes contactarme en Castellano\/espa\u00f1ol<\/p>\n<p>Ich spreche deutsch<\/p>\n<p>I speak english<\/p>\n<p>je comprend le fran\u00e7ais et je parle un peu<\/p>\n<p>Claudia Kaiser, matrona, Hebamme, midwife, sage femme,<br \/>\nDedicada a la maternidad desde 1992<br \/>\n&#8212;&#8212;&#8212;&#8212;&#8212;&#8212;&#8212;&#8212;&#8212;&#8212;&#8212;&#8212;&#8212;&#8212;&#8212;&#8212;&#8212;&#8212;&#8212;&#8212;&#8212;&#8212;&#8212;&#8212;&#8212;&#8212;&#8212;&#8212;&#8212;&#8212;&#8212;&#8212;&#8212;&#8212;&#8212;&#8212;&#8212;-<\/p>\n<p><strong>Opci\u00f3n fb<\/strong><\/p>\n<p>Escribi\u00e9ndome un mensaje en <a title=\"Facebook Claudia Kaiser Matrona\" href=\"http:\/\/es-es.facebook.com\/pages\/Claudia-Kaiser-Matrona\/300588693333211?sk=map&amp;activecategory=Fotos&amp;session_id=1334498289http:\/\/\">FACEBOOK<\/a><\/p>\n<p>Claudia Kaiser Matrona<\/p>\n<p>&nbsp;<\/p>\n<p><strong>Opci\u00f3n \u00a0llamada o whatsapp<\/strong><\/p>\n<p>Telef\u00f3nicamente<\/p>\n<p>625 891 573<\/p>\n<p>&nbsp;<\/p>\n<p><strong>Opci\u00f3n \u00a0mail<\/strong><\/p>\n<p>matrona@claudiakaiser.es<\/p>\n<p>&nbsp;<\/p>\n<p><strong>Opci\u00f3n skype<\/strong><\/p>\n<p>matronahebammemidwife, no siempre estoy conectada en skype. Av\u00edsame antes por e-mail o mensaje en el m\u00f3vil. Gracias<\/p>\n<p>&nbsp;<\/p>\n<p>&nbsp;<\/p>\n<p>&nbsp;<\/p>\n<p>&nbsp;<\/p>\n<p>&nbsp;<\/p>\n<p>&nbsp;<\/p>\n","protected":false},"excerpt":{"rendered":"<p>&nbsp; Hola Hello Hallo Puedes contactarme en Castellano\/espa\u00f1ol Ich spreche deutsch I speak english je comprend le fran\u00e7ais et je parle un peu Claudia Kaiser, matrona, Hebamme, midwife, sage femme, Dedicada a la maternidad desde 1992 &#8212;&#8212;&#8212;&#8212;&#8212;&#8212;&#8212;&#8212;&#8212;&#8212;&#8212;&#8212;&#8212;&#8212;&#8212;&#8212;&#8212;&#8212;&#8212;&#8212;&#8212;&#8212;&#8212;&#8212;&#8212;&#8212;&#8212;&#8212;&#8212;&#8212;&#8212;&#8212;&#8212;&#8212;&#8212;&#8212;&#8212;- Opci\u00f3n fb Escribi\u00e9ndome un mensaje en FACEBOOK Claudia Kaiser Matrona &nbsp; Opci\u00f3n \u00a0llamada o whatsapp Telef\u00f3nicamente 625 891 &hellip; <\/p>\n","protected":false},"author":760,"featured_media":0,"parent":0,"menu_order":0,"comment_status":"closed","ping_status":"closed","template":"","meta":{"_monsterinsights_skip_tracking":false,"_monsterinsights_sitenote_active":false,"_monsterinsights_sitenote_note":"","_monsterinsights_sitenote_category":0,"footnotes":""},"class_list":["post-73","page","type-page","status-publish","hentry"],"_links":{"self":[{"href":"https:\/\/www.claudiakaiser.es\/index.php?rest_route=\/wp\/v2\/pages\/73","targetHints":{"allow":["GET"]}}],"collection":[{"href":"https:\/\/www.claudiakaiser.es\/index.php?rest_route=\/wp\/v2\/pages"}],"about":[{"href":"https:\/\/www.claudiakaiser.es\/index.php?rest_route=\/wp\/v2\/types\/page"}],"author":[{"embeddable":true,"href":"https:\/\/www.claudiakaiser.es\/index.php?rest_route=\/wp\/v2\/users\/760"}],"replies":[{"embeddable":true,"href":"https:\/\/www.claudiakaiser.es\/index.php?rest_route=%2Fwp%2Fv2%2Fcomments&post=73"}],"version-history":[{"count":27,"href":"https:\/\/www.claudiakaiser.es\/index.php?rest_route=\/wp\/v2\/pages\/73\/revisions"}],"predecessor-version":[{"id":729,"href":"https:\/\/www.claudiakaiser.es\/index.php?rest_route=\/wp\/v2\/pages\/73\/revisions\/729"}],"wp:attachment":[{"href":"https:\/\/www.claudiakaiser.es\/index.php?rest_route=%2Fwp%2Fv2%2Fmedia&parent=73"}],"curies":[{"name":"wp","href":"https:\/\/api.w.org\/{rel}","templated":true}]}}