
{"id":70,"date":"2012-08-04T04:46:24","date_gmt":"2012-08-04T04:46:24","guid":{"rendered":"http:\/\/www.claudiakaiser.es\/?page_id=70"},"modified":"2017-10-06T16:40:28","modified_gmt":"2017-10-06T16:40:28","slug":"portfolio-wts","status":"publish","type":"page","link":"https:\/\/www.claudiakaiser.es\/?page_id=70","title":{"rendered":"\u00bf en qu\u00e9 puedo ayudarte ?"},"content":{"rendered":"<h1>Consultas de embarazo<\/h1>\n<h2>En el Centro, en vuestra casa. Un tiempo dedicado completamente a tu embarazo, a tus necesidades. Participa tu pareja o quien quieras.<\/h2>\n<p>A parte de todos los chequ\u00e9os f\u00edsicos, ver como\u00a0 crece el beb\u00e9 etc hablamos detenidamente de los cuidados de embarazo, nos ocupamos de aspectos emocionales, afectivas, de la relaci\u00f3n. \u00a0 Imprescindible si deseas tener el parto en casa. Tratamientos para molestias o cuando te encuentras mal, f\u00edsicamente o emocionalmente.\u00a0 Muy recomendable si se trata de la primera consulta de embarazo. Las matronas somos expertas en el proceso y en darte una orientaci\u00f3n positiva, con un acercamiento sensible. Una hora de consulta. A veces un poco m\u00e1s.<\/p>\n<p>Trae tu cartilla de embarazo, no importa de d\u00f3nde procede. Hago documentaci\u00f3n. Si no tienes cartilla de embarazo, te entrego una para llev\u00e1rtela.<\/p>\n<p><strong> Consultas breves de media hora (cuando es una revisi\u00f3n y no hay problemas de salud. O a demanda)\u00a0<\/strong><\/p>\n<p>Esta consulta da tiempo para los chequ\u00e9os f\u00edsicos del crecimiento del beb\u00e9 (y su colocaci\u00f3n en el tercer trimestre), una toma de peso, de tensi\u00f3n, una prueba de orina y asesoramineto breve sobre cuidados de embarazo.<\/p>\n<p>&#8212;&#8212;&#8212;&#8212;&#8212;&#8212;&#8212;&#8212;&#8212;&#8212;&#8212;&#8212;&#8212;&#8212;&#8212;&#8212;&#8212;&#8212;&#8212;&#8212;&#8212;&#8212;&#8212;&#8212;&#8212;&#8212;&#8212;&#8212;&#8212;&#8212;&#8212;&#8212;&#8212;&#8212;&#8212;&#8212;&#8212;&#8212;&#8212;&#8212;&#8212;&#8212;&#8212;&#8212;&#8212;&#8212;&#8212;&#8212;&#8212;&#8212;&#8211;<\/p>\n<h1>Masaje para mam\u00e1 y beb\u00e9 en el embarazo<\/h1>\n<p>Soltar tensiones,\u00a0 aliviar molestias, favorecer una buena colocaci\u00f3n, cuidar vuestra relaci\u00f3n, cari\u00f1o, ternura relax. Uso elementos de shiatsu, de aromaterapia, muchos cojines y mi intuici\u00f3n.<\/p>\n<p>A domicilio o en el Centro (La Boutique del Alquimista, Conil) 45 minutos. Consultame por tel\u00e9fono, 625 891 573<\/p>\n<p>&#8212;&#8212;&#8212;&#8212;&#8212;&#8212;&#8212;&#8212;&#8212;&#8212;&#8212;&#8212;&#8212;&#8212;&#8212;&#8212;&#8212;&#8212;&#8212;&#8212;&#8212;&#8212;&#8212;&#8212;&#8212;&#8212;&#8212;&#8212;&#8212;&#8212;&#8212;&#8212;&#8212;&#8212;&#8212;&#8212;&#8212;&#8212;&#8212;&#8212;&#8212;&#8212;&#8212;&#8212;&#8212;&#8212;&#8212;&#8212;&#8212;&#8212;&#8211;<\/p>\n<h1>Curso de preparaci\u00f3n a la maternidad y paternidad<\/h1>\n<p>Mira en CURSOS, all\u00ed encuentras toda la informaci\u00f3n. Gracias por tu inter\u00e9s.<\/p>\n<p>&#8212;&#8212;&#8212;&#8212;&#8212;&#8212;&#8212;&#8212;&#8212;&#8212;&#8212;&#8212;&#8212;&#8212;&#8212;&#8212;&#8212;&#8212;&#8212;&#8212;&#8212;&#8212;&#8212;&#8212;&#8212;&#8212;&#8212;&#8212;&#8212;&#8212;&#8212;&#8212;&#8212;&#8212;&#8212;&#8212;&#8212;&#8212;&#8212;&#8212;&#8212;&#8212;&#8212;&#8212;&#8212;&#8212;&#8212;&#8212;&#8212;&#8212;&#8211;<\/p>\n<h1>Asistencia al parto en casa<\/h1>\n<p>\u00bf quieres parir en casa? Es lo mejor que puedes hacer, si tu embarazo va normal. Embarazo normal, parto normal. Parto en casa. Una experiencia humana, c\u00e1lida, segura, familiar y \u00fanica.\u00a0 \u00bfLo que necesitas? Salud,\u00a0 confianza, una casa, un buen equ\u00edpo. Dedicarte y prepararlo. Con conciencia, con responsabilidad.\u00a0 Con tu matrona. Encantada de atenderos. Llevo 20 a\u00f1os atendiendo a partos en casa.<\/p>\n<p>\u00bfPor d\u00f3nde empiezas? Por una entrevista gratuita. Conocernos, aclarar dudas, tener orientaci\u00f3n sobre el proceso de asistencia por nuestra parte que dura los meses de embarazo hasta la cuarentena. Consultas, preparaci\u00f3n en grupo, visita a domicilio, guardia, asistencia, visitas postparto.<\/p>\n<p>Llama o escribeme y concertamos la entrevista gratuita en el Centro, Mi tel\u00e9fono es\u00a0 625 891 573<\/p>\n<p>&nbsp;<\/p>\n<p>&#8212;&#8212;&#8212;&#8212;&#8212;&#8212;&#8212;&#8212;&#8212;&#8212;&#8212;&#8212;&#8212;&#8212;&#8212;&#8212;&#8212;&#8212;&#8212;&#8212;&#8212;&#8212;&#8212;&#8212;&#8212;&#8212;&#8212;&#8212;&#8212;&#8212;&#8212;&#8212;&#8212;&#8212;&#8212;&#8212;&#8212;&#8212;&#8212;&#8212;&#8212;&#8212;&#8212;&#8212;&#8212;&#8212;&#8212;&#8212;&#8212;&#8212;&#8211;<\/p>\n<h1>Consulta de lactancia\/ l\u00ednea de atenci\u00f3n a la lactancia<\/h1>\n<p>::: Todas las madres que tengan dudas, un problema de lactancia pueden consultarme <strong>por tel\u00e9fono de manera gratuita<\/strong>:::<\/p>\n<p>La lactancia es un proceso especial que requiere atenci\u00f3n especializada. Muchas veces las familias se confunden porque piensan que al tratarse de un proceso natural no deben tener problemas o tienen que manejar ellos solos. Esto no es as\u00ed. Se necesita poder consultar en cualquier momento a lo largo del proceso de la lactancia materna, con una matrona experta.\u00a0Tenlo presente para t\u00ed y para todas las madres que conozcas. Un problema de lactancia no solo es un dolor en el pecho o en el pez\u00f3n, es tambi\u00e9n un beb\u00e9 que llora mucho y madre y padre agobiados, nerviosos e inseguros, un pediatra que lo considera fuera de peso normal, la sensaci\u00f3n de no tener\u00a0 leche, o pensar que tu leche no vale.\u00a0 Todas estas situaciones se consideran problemas de lactancia que precisan asistencia y tienen soluci\u00f3n.<\/p>\n<p>Hay situaciones que podemos resolver hablando por tel\u00e9fono, (servicio gratuito)\u00a0 otras veces necesitan asistencia personal, (tiene coste) La visita es a domicilio o en el Centro.<\/p>\n<p>Tengo que ver como te colocas al beb\u00e9, como mama el beb\u00e9, para corregir posturas y enganches de madre y beb\u00e9. Eliminar errores. Igual de\u00a0 importante es vuestro mapa emocional y el ambiente familiar. \u00a0 Lo principal es darte cuenta cuando necesitas ayuda y contactar. Tel 625 891 573.\u00a0 ( Cuando es una emergencia nocturna por favor acude al centro de salud y cont\u00e1ctame por la ma\u00f1ana)<\/p>\n<p>Gracias<\/p>\n<p>&#8212;&#8212;&#8212;&#8212;&#8212;&#8212;&#8212;&#8212;&#8212;&#8212;&#8212;&#8212;&#8212;&#8212;&#8212;&#8212;&#8212;&#8212;&#8212;&#8212;&#8212;&#8212;&#8212;&#8212;&#8212;&#8212;&#8212;&#8212;&#8212;&#8212;&#8212;&#8212;&#8212;&#8212;&#8212;&#8212;&#8212;&#8212;&#8212;&#8212;&#8212;&#8212;&#8212;&#8212;&#8212;&#8212;&#8212;&#8212;&#8212;&#8211;<\/p>\n<h1>Consulta de postparto\/<\/h1>\n<h1>Visita postparto a domicilio<\/h1>\n<p>Visitas de postparto a domicilio. Cuidados de postparto, Para la madre, para el beb\u00e9, para toda la familia que est\u00e1 en un proceso de cambios y adaptaci\u00f3n. Apoyo a la lactancia materna. Manejo de lactancia y soluci\u00f3n de problemas de lactancia Cuidados de desgarros o episiotom\u00eda mediante posturas, medios f\u00edsicos, esencias y plantas medicinales. Asistencia a necesidades emocionales.\u00a0Cuidados al reci\u00e9n nacido, con mucho respeto y cari\u00f1o. Cuidados naturales de su piel y ombligo.\u00a0 Entrenamiento en entender sus necesidades b\u00e1sicos y respuestas adecuadas Participaci\u00f3n del padre u otro cuidador en consultas.<\/p>\n<p>&#8212;&#8212;&#8212;&#8212;&#8212;&#8212;&#8212;&#8212;&#8212;&#8212;&#8212;&#8212;&#8212;&#8212;&#8212;&#8212;&#8212;&#8212;&#8212;&#8212;&#8212;&#8212;&#8212;&#8212;&#8212;&#8212;&#8212;&#8212;&#8212;&#8212;&#8212;&#8212;&#8212;&#8212;&#8212;&#8212;&#8212;&#8212;&#8212;&#8212;&#8212;&#8212;&#8212;&#8212;&#8212;&#8212;&#8212;&#8212;&#8212;&#8212;&#8211;<\/p>\n<h1>Clases de recuperaci\u00f3n postparto<\/h1>\n<p>actualmente esta actividad forma parte del Grupo Postparto.<\/p>\n<p>&#8212;&#8212;&#8212;&#8212;&#8212;&#8212;&#8212;&#8212;&#8212;&#8212;&#8212;&#8212;&#8212;&#8212;&#8212;&#8212;&#8212;&#8212;&#8212;&#8212;&#8212;&#8212;&#8212;&#8212;&#8212;&#8212;&#8212;&#8212;&#8212;&#8212;&#8212;&#8212;&#8212;&#8212;&#8212;&#8212;&#8212;&#8212;&#8212;&#8212;&#8212;&#8212;&#8212;&#8212;&#8212;&#8212;&#8212;&#8212;&#8212;&#8212;&#8211;<\/p>\n<h1>Grupo postparto- madres, padres y beb\u00e9s<\/h1>\n<p>Ver CURSOS\u00a0 all\u00ed est\u00e1 la informaci\u00f3n. Gracias<\/p>\n<p>&#8212;&#8212;&#8212;&#8212;&#8212;&#8212;&#8212;&#8212;&#8212;&#8212;&#8212;&#8212;&#8212;&#8212;&#8212;&#8212;&#8212;&#8212;&#8212;&#8212;&#8212;&#8212;&#8212;&#8212;&#8212;&#8212;&#8212;&#8212;&#8212;&#8212;&#8212;&#8212;&#8212;&#8212;&#8212;&#8212;&#8212;&#8212;&#8212;&#8212;&#8212;&#8212;&#8212;&#8212;&#8212;&#8212;&#8212;&#8212;&#8212;&#8212;&#8212;<\/p>\n<h1>&#8212;&#8212;&#8212;&#8212;&#8212;&#8212;&#8212;&#8212;&#8212;&#8212;&#8212;&#8212;&#8212;&#8212;&#8212;&#8212;&#8212;&#8212;&#8212;&#8212;&#8212;&#8212;&#8212;&#8212;&#8212;&#8212;&#8212;&#8212;&#8212;&#8212;&#8212;&#8212;&#8212;&#8212;&#8212;&#8212;&#8212;&#8212;&#8212;&#8212;&#8212;&#8212;&#8212;&#8212;&#8212;&#8212;&#8212;&#8212;&#8212;&#8212;&#8212;<\/h1>\n<p>&nbsp;<\/p>\n<p>Para m\u00e1s informaci\u00f3n de precios y condiciones ponte en contacto conmigo<\/p>\n<p>matrona@claudiakaiser.es<\/p>\n<p>&nbsp;<\/p>\n","protected":false},"excerpt":{"rendered":"<p>Consultas de embarazo En el Centro, en vuestra casa. Un tiempo dedicado completamente a tu embarazo, a tus necesidades. Participa tu pareja o quien quieras. A parte de todos los chequ\u00e9os f\u00edsicos, ver como\u00a0 crece el beb\u00e9 etc hablamos detenidamente de los cuidados de embarazo, nos ocupamos de aspectos emocionales, afectivas, de la relaci\u00f3n. \u00a0 &hellip; <\/p>\n","protected":false},"author":760,"featured_media":0,"parent":0,"menu_order":0,"comment_status":"closed","ping_status":"closed","template":"","meta":{"_monsterinsights_skip_tracking":false,"_monsterinsights_sitenote_active":false,"_monsterinsights_sitenote_note":"","_monsterinsights_sitenote_category":0,"footnotes":""},"class_list":["post-70","page","type-page","status-publish","hentry"],"_links":{"self":[{"href":"https:\/\/www.claudiakaiser.es\/index.php?rest_route=\/wp\/v2\/pages\/70","targetHints":{"allow":["GET"]}}],"collection":[{"href":"https:\/\/www.claudiakaiser.es\/index.php?rest_route=\/wp\/v2\/pages"}],"about":[{"href":"https:\/\/www.claudiakaiser.es\/index.php?rest_route=\/wp\/v2\/types\/page"}],"author":[{"embeddable":true,"href":"https:\/\/www.claudiakaiser.es\/index.php?rest_route=\/wp\/v2\/users\/760"}],"replies":[{"embeddable":true,"href":"https:\/\/www.claudiakaiser.es\/index.php?rest_route=%2Fwp%2Fv2%2Fcomments&post=70"}],"version-history":[{"count":25,"href":"https:\/\/www.claudiakaiser.es\/index.php?rest_route=\/wp\/v2\/pages\/70\/revisions"}],"predecessor-version":[{"id":707,"href":"https:\/\/www.claudiakaiser.es\/index.php?rest_route=\/wp\/v2\/pages\/70\/revisions\/707"}],"wp:attachment":[{"href":"https:\/\/www.claudiakaiser.es\/index.php?rest_route=%2Fwp%2Fv2%2Fmedia&parent=70"}],"curies":[{"name":"wp","href":"https:\/\/api.w.org\/{rel}","templated":true}]}}