
{"id":315,"date":"2013-04-10T20:44:18","date_gmt":"2013-04-10T20:44:18","guid":{"rendered":"http:\/\/www.claudiakaiser.es\/?page_id=315"},"modified":"2017-10-06T16:36:54","modified_gmt":"2017-10-06T16:36:54","slug":"lactancia","status":"publish","type":"page","link":"https:\/\/www.claudiakaiser.es\/?page_id=315","title":{"rendered":"Lactancia"},"content":{"rendered":"<p><a href=\"https:\/\/www.claudiakaiser.es\/wp-content\/uploads\/2014\/12\/la-foto-1.jpg\"><img loading=\"lazy\" decoding=\"async\" class=\"alignleft size-thumbnail wp-image-542\" src=\"https:\/\/www.claudiakaiser.es\/wp-content\/uploads\/2014\/12\/la-foto-1-150x150.jpg\" alt=\"\" width=\"150\" height=\"150\" \/><\/a>Hola ! Est\u00e1s amamantando total o parcialmente a tu beb\u00e9, &#8211; \u00a1felicidades! Y te informo de que el proceso de lactancia, aunque se considera como un proceso normal y natural, no deja de ser un proceso especial, que requiere apoyo especial. Para eso tambi\u00e9n hay matronas,, por su formaci\u00f3n y experiencia profesional expertas en la materia. El beb\u00e9 mama&#8230;a demanda. Y su madre necesita hacer a su vez, un a demanda, de apoyo, cuando lo necesite. Estoy publicando en este apartado tan importante para vosotras. Aqui van unos consejos para tomar conciencia de que el amamantar es un disfrute<strong> Y un trabajo<\/strong>. Podr\u00e1s revisar los cuidados necesarios que est\u00e9s o no, d\u00e1ndote a ti misma por una parte y recibiendo por otra parte de los que te rodean, y te apoyan en el dia a dia &#8230;dia y noche<br \/>\n<strong><br \/>\nLACTANCIA 22 cuidados para la madre amamantando<\/strong><br \/>\n1 cuido las posturas c\u00f3modas al dar el pecho 2 las var\u00edo, uso distintas posturas a lo largo del d\u00eda 3 uso cojines para acomodarme 4 tumbada de lado alin\u00e9o mi cuerpo y uso apoyo para la zona lumbar 5 estoy atenta a mi beb\u00e9 y a c\u00f3mo se agarra al pecho , Corrijo si es necesario 6 Hay tranquilidad la mayor\u00eda de las veces 7 bebo agua o infusi\u00f3n antes, mientras o despu\u00e9s de amamantar, con abundante, 8 Cuido la calidad de mi alimentaci\u00f3n 9 pido que me alimenten, me acerquen un plato preparado mientras amamanto etc 10 tengo mis necesidades emocionales presentes, conscientes, , al a medida posible cubiertas 11 recibo un masaje en semana 12 duermo tantas veces como sea posible mientras mi beb\u00e9 duerme 13 me estiro y me relajo una vez al d\u00eda 14 uso ropa c\u00f3moda y con la que me siento a gusto, madre y mujer 15 aprecio mi cuerpo y mi capacidad de amamantar 16 comparto experiencias del amamantar 17 estoy atenta a se\u00f1ales de dolor u otras molestias en el pecho 18 pido ayuda y consulta de lactancia cuando la necesito 19 conozco o aprendo sobre sacar, guardar leche y como d\u00e1rsela al beb\u00e9 20 soy consciente del gran esfuerzo que estoy haciendo y del enorme beneficio que supone la lactancia para mi beb\u00e9, para mi misma y para toda la familia. Reconociendo que es un trabajo a\u00f1adido en una sociedad que no respalda el amamantar de las madres 21 me cuido en esta fase de maternidad con especial cari\u00f1o y atenci\u00f3n 22 pido apoyo y ayuda, equilibrando la energia, el dar y recibir, para poder disfrutar de la lactancia, y seguir dando pecho el tiempo que yo quiera<\/p>\n<p><strong>tel\u00e9fono para consultas de lactancia<\/strong><br \/>\nClaudia Kaiser Matrona 625 891 573 \u00a1llama ! No esperes, no dudes. llama o escribe tu pregunta en un mail: matrona@claudiakaiser.es. Apoyo y asesoramiento a madres lactantes por tel\u00e9fono &#8211; \u00a0Gratuito.<\/p>\n<p>Grupo Regazo,\u00a0 Apoyo a la lactancia materna<br \/>\nvanessa 637 528 070<br \/>\nOrla 856 215 154<\/p>\n<p>Gruporegazo.wordpress.com<br \/>\nConsulta la web site para saber m\u00e1s acerca de la reuniones peri\u00f3dicas, abiertas y gratuitas.<\/p>\n<p>gracias por respetar nuestro descanso nocturno<\/p>\n","protected":false},"excerpt":{"rendered":"<p>Hola ! Est\u00e1s amamantando total o parcialmente a tu beb\u00e9, &#8211; \u00a1felicidades! Y te informo de que el proceso de lactancia, aunque se considera como un proceso normal y natural, no deja de ser un proceso especial, que requiere apoyo especial. Para eso tambi\u00e9n hay matronas,, por su formaci\u00f3n y experiencia profesional expertas en la &hellip; <\/p>\n","protected":false},"author":760,"featured_media":0,"parent":0,"menu_order":0,"comment_status":"open","ping_status":"open","template":"","meta":{"_monsterinsights_skip_tracking":false,"_monsterinsights_sitenote_active":false,"_monsterinsights_sitenote_note":"","_monsterinsights_sitenote_category":0,"footnotes":""},"class_list":["post-315","page","type-page","status-publish","hentry"],"_links":{"self":[{"href":"https:\/\/www.claudiakaiser.es\/index.php?rest_route=\/wp\/v2\/pages\/315","targetHints":{"allow":["GET"]}}],"collection":[{"href":"https:\/\/www.claudiakaiser.es\/index.php?rest_route=\/wp\/v2\/pages"}],"about":[{"href":"https:\/\/www.claudiakaiser.es\/index.php?rest_route=\/wp\/v2\/types\/page"}],"author":[{"embeddable":true,"href":"https:\/\/www.claudiakaiser.es\/index.php?rest_route=\/wp\/v2\/users\/760"}],"replies":[{"embeddable":true,"href":"https:\/\/www.claudiakaiser.es\/index.php?rest_route=%2Fwp%2Fv2%2Fcomments&post=315"}],"version-history":[{"count":10,"href":"https:\/\/www.claudiakaiser.es\/index.php?rest_route=\/wp\/v2\/pages\/315\/revisions"}],"predecessor-version":[{"id":703,"href":"https:\/\/www.claudiakaiser.es\/index.php?rest_route=\/wp\/v2\/pages\/315\/revisions\/703"}],"wp:attachment":[{"href":"https:\/\/www.claudiakaiser.es\/index.php?rest_route=%2Fwp%2Fv2%2Fmedia&parent=315"}],"curies":[{"name":"wp","href":"https:\/\/api.w.org\/{rel}","templated":true}]}}